{"id":2427,"date":"2025-08-13T14:18:29","date_gmt":"2025-08-13T12:18:29","guid":{"rendered":"https:\/\/www.chemiedidaktik.phil.fau.de\/?page_id=2427"},"modified":"2026-04-01T14:02:33","modified_gmt":"2026-04-01T12:02:33","slug":"lehre","status":"publish","type":"page","link":"https:\/\/www.chemiedidaktik.phil.fau.de\/en\/lehre\/","title":{"rendered":"Teaching"},"content":{"rendered":"\n<h2 class=\"wp-block-fau-elemental-fau-meta-headline\" id=\"headline-0cf6ea50-62e9-4509-b9fb-ab76b33d21bf\">Chemistry Education Studies \u2013 Our Modules<\/h2>\n\n\n\n<div class=\"wp-block-media-text alignfull has-media-on-the-right is-stacked-on-mobile\"><div class=\"wp-block-media-text__content\">\n<h2 class=\"wp-block-heading\">ChemDid I: Basics<\/h2>\n\n\n\n<p class=\"is-style-intro-text\">In the module <strong>\u201cChemDid I: Basics\u201d<\/strong>, students acquire an initial systematic understanding of chemistry teaching. They engage with the aims and content of school chemistry education, become familiar with key concepts of chemistry didactics, and explore typical student conceptions as well as learning difficulties.<\/p>\n\n\n\n<p class=\"is-style-intro-text\">A particular focus is placed on the didactic structuring and simplification of chemical content, as well as on fundamental aspects of lesson planning and experimentation. Based on this, students develop their own initial teaching ideas and reflect on them in light of subject-specific didactic models.<\/p>\n<\/div><figure class=\"wp-block-media-text__media\"><img loading=\"lazy\" decoding=\"async\" src=\"https:\/\/www.chemiedidaktik.phil.fau.de\/files\/2023\/07\/AdobeStock_51439042-1024x683.jpeg\" alt=\"\" class=\"wp-image-1693 size-full\" srcset=\"https:\/\/www.chemiedidaktik.phil.fau.de\/files\/2023\/07\/AdobeStock_51439042-1024x683.jpeg 1024w, https:\/\/www.chemiedidaktik.phil.fau.de\/files\/2023\/07\/AdobeStock_51439042-300x200.jpeg 300w, https:\/\/www.chemiedidaktik.phil.fau.de\/files\/2023\/07\/AdobeStock_51439042-768x512.jpeg 768w, https:\/\/www.chemiedidaktik.phil.fau.de\/files\/2023\/07\/AdobeStock_51439042-1536x1024.jpeg 1536w, https:\/\/www.chemiedidaktik.phil.fau.de\/files\/2023\/07\/AdobeStock_51439042-2048x1366.jpeg 2048w, https:\/\/www.chemiedidaktik.phil.fau.de\/files\/2023\/07\/AdobeStock_51439042-512x341.jpeg 512w, https:\/\/www.chemiedidaktik.phil.fau.de\/files\/2023\/07\/AdobeStock_51439042-60x40.jpeg 60w, https:\/\/www.chemiedidaktik.phil.fau.de\/files\/2023\/07\/AdobeStock_51439042-140x93.jpeg 140w, https:\/\/www.chemiedidaktik.phil.fau.de\/files\/2023\/07\/AdobeStock_51439042-360x240.jpeg 360w, https:\/\/www.chemiedidaktik.phil.fau.de\/files\/2023\/07\/AdobeStock_51439042-480x320.jpeg 480w, https:\/\/www.chemiedidaktik.phil.fau.de\/files\/2023\/07\/AdobeStock_51439042-705x470.jpeg 705w\" \/><\/figure><\/div>\n\n\n\n<div class=\"wp-block-media-text alignfull is-stacked-on-mobile\"><figure class=\"wp-block-media-text__media\"><img loading=\"lazy\" decoding=\"async\" src=\"https:\/\/www.chemiedidaktik.phil.fau.de\/files\/2023\/06\/A8A0726-1024x683.jpg\" alt=\"\" class=\"wp-image-1677 size-full\" srcset=\"https:\/\/www.chemiedidaktik.phil.fau.de\/files\/2023\/06\/A8A0726-1024x683.jpg 1024w, https:\/\/www.chemiedidaktik.phil.fau.de\/files\/2023\/06\/A8A0726-300x200.jpg 300w, https:\/\/www.chemiedidaktik.phil.fau.de\/files\/2023\/06\/A8A0726-768x512.jpg 768w, https:\/\/www.chemiedidaktik.phil.fau.de\/files\/2023\/06\/A8A0726-1536x1024.jpg 1536w, https:\/\/www.chemiedidaktik.phil.fau.de\/files\/2023\/06\/A8A0726-2048x1366.jpg 2048w, https:\/\/www.chemiedidaktik.phil.fau.de\/files\/2023\/06\/A8A0726-512x341.jpg 512w, https:\/\/www.chemiedidaktik.phil.fau.de\/files\/2023\/06\/A8A0726-60x40.jpg 60w, https:\/\/www.chemiedidaktik.phil.fau.de\/files\/2023\/06\/A8A0726-140x93.jpg 140w, https:\/\/www.chemiedidaktik.phil.fau.de\/files\/2023\/06\/A8A0726-360x240.jpg 360w, https:\/\/www.chemiedidaktik.phil.fau.de\/files\/2023\/06\/A8A0726-480x320.jpg 480w, https:\/\/www.chemiedidaktik.phil.fau.de\/files\/2023\/06\/A8A0726-705x470.jpg 705w\" \/><\/figure><div class=\"wp-block-media-text__content\">\n<h2 class=\"wp-block-heading\">ChemDid II: Advanced<\/h2>\n\n\n\n<p class=\"is-style-intro-text\">This module builds on <strong>ChemDid I<\/strong> and aims at the further professional development of students. The focus is on the in-depth planning, delivery, and analysis of chemistry lessons, taking diagnostic and support-oriented perspectives into account.<\/p>\n\n\n\n<p class=\"is-style-intro-text\">Students independently develop teaching concepts, trial and reflect on experimental approaches, and engage intensively with the promotion of learning processes. Through its strong practical orientation and the integration of subject-matter knowledge, didactic perspectives, and reflective elements, the competencies acquired in the foundational module are further extended and consolidated.<\/p>\n<\/div><\/div>\n\n\n\n<div class=\"wp-block-media-text alignfull has-media-on-the-right is-stacked-on-mobile\"><div class=\"wp-block-media-text__content\">\n<h2 class=\"wp-block-heading\">ChemDid III: Practical training<\/h2>\n\n\n\n<p class=\"is-style-intro-text\">In the third chemistry education module, students gain their first in-depth practical experience in school teaching. Over the course of one semester, they are regularly involved in schools and are supervised by experienced mentor teachers.<\/p>\n\n\n\n<p class=\"is-style-intro-text\">In parallel, they attend a subject-specific didactic seminar in which their teaching experiences are discussed, reflected upon, and theoretically grounded. In this way, the module combines school-based practical experience with subject didactic reflection and makes a significant contribution to the development and consolidation of the professional teaching competence of prospective chemistry teachers.<\/p>\n<\/div><figure class=\"wp-block-media-text__media\"><img loading=\"lazy\" decoding=\"async\" src=\"https:\/\/www.chemiedidaktik.phil.fau.de\/files\/2025\/01\/25-01-08-10-30-07-9496-1024x768.jpg\" alt=\"\" class=\"wp-image-2140 size-full\" srcset=\"https:\/\/www.chemiedidaktik.phil.fau.de\/files\/2025\/01\/25-01-08-10-30-07-9496-1024x768.jpg 1024w, https:\/\/www.chemiedidaktik.phil.fau.de\/files\/2025\/01\/25-01-08-10-30-07-9496-300x225.jpg 300w, https:\/\/www.chemiedidaktik.phil.fau.de\/files\/2025\/01\/25-01-08-10-30-07-9496-768x576.jpg 768w, https:\/\/www.chemiedidaktik.phil.fau.de\/files\/2025\/01\/25-01-08-10-30-07-9496-1536x1152.jpg 1536w, https:\/\/www.chemiedidaktik.phil.fau.de\/files\/2025\/01\/25-01-08-10-30-07-9496-2048x1536.jpg 2048w, https:\/\/www.chemiedidaktik.phil.fau.de\/files\/2025\/01\/25-01-08-10-30-07-9496-512x384.jpg 512w, https:\/\/www.chemiedidaktik.phil.fau.de\/files\/2025\/01\/25-01-08-10-30-07-9496-60x45.jpg 60w, https:\/\/www.chemiedidaktik.phil.fau.de\/files\/2025\/01\/25-01-08-10-30-07-9496-140x105.jpg 140w, https:\/\/www.chemiedidaktik.phil.fau.de\/files\/2025\/01\/25-01-08-10-30-07-9496-320x240.jpg 320w, https:\/\/www.chemiedidaktik.phil.fau.de\/files\/2025\/01\/25-01-08-10-30-07-9496-427x320.jpg 427w, https:\/\/www.chemiedidaktik.phil.fau.de\/files\/2025\/01\/25-01-08-10-30-07-9496-627x470.jpg 627w\" \/><\/figure><\/div>\n\n\n\n<div class=\"wp-block-group is-layout-constrained wp-block-group-is-layout-constrained\">\n<h2 class=\"wp-block-heading\">Orientation in Studies<\/h2>\n\n\n\n<ul class=\"wp-block-list\">\n<li>What does the chemistry education component of your teacher training program look like?<\/li>\n\n\n\n<li>Which modules do you have to complete?<\/li>\n\n\n\n<li>Which courses can you take?<\/li>\n<\/ul>\n\n\n\n<p>Use our overview of the chemistry education component of your teacher training program. If you have any questions about your studies, individual modules, or courses, please feel free to contact us.<\/p>\n\n\n\n<div class=\"wp-block-file\"><div class=\"wp-block-file__content-wrapper\"><figure class=\"file-cover-image\" aria-label=\"Cover image for file\"><\/figure><section class=\"wp-block-file\"><div class=\"file-content\"><div class=\"wp-block-file\"><a id=\"wp-block-file--media-15fc7f23-d772-4ea6-a452-a05ccb218352\" href=\"https:\/\/www.chemiedidaktik.phil.fau.de\/files\/2024\/02\/Studieninfo-Chemiedidaktik.pdf\" target=\"_blank\" rel=\"noreferrer noopener\" aria-label=\"Studieninfo Chemiedidaktik Download\" aria-describedby=\"wp-block-file--media-15fc7f23-d772-4ea6-a452-a05ccb218352\">Studieninfo Chemiedidaktik<\/a><a href=\"https:\/\/www.chemiedidaktik.phil.fau.de\/files\/2024\/02\/Studieninfo-Chemiedidaktik.pdf\" class=\"wp-block-file__button wp-element-button\" download aria-describedby=\"wp-block-file--media-15fc7f23-d772-4ea6-a452-a05ccb218352\" aria-label=\"Studieninfo Chemiedidaktik Download\" role=\"button\"><\/a><\/div><div class=\"file-info-wrapper\"><dl class=\"file-info-list\"><div class=\"file-info-item\"><dt class=\"file-info-term\">File Name<\/dt><dd class=\"file-info-definition\">Studieninfo Chemiedidaktik<\/dd><\/div><div class=\"file-info-item\"><dt class=\"file-info-term\">File Size<\/dt><dd class=\"file-info-definition\">388 KB<\/dd><\/div><div class=\"file-info-item\"><dt class=\"file-info-term\">File Type<\/dt><dd class=\"file-info-definition\">PDF<\/dd><\/div><\/dl><\/div><\/div><\/section><\/div><\/div>\n\n\n\n<p><\/p>\n\n\n\n<h2 class=\"wp-block-heading\">Our courses in the summer semester 2026<\/h2>\n\n\n\n\n    <div class=\"rrze-lectures\">\n        \n            <div class=\"rrze-elements accordion style_default\" id=\"accordion-0\">\n<div class=\"accordion-group\">\n<h2 class=\"accordion-heading\"><button class=\"accordion-toggle\" data-toggle=\"collapse\"  href=\"#collapse_0\" aria-expanded=\"false\" aria-controls=\"collapse_0\" id=\"collapse_button_0\"> Vorlesung <\/button><\/h2>\n<div id=\"collapse_0\" class=\"accordion-body\" aria-labelledby=\"collapse_button_0\">\n<div class=\"accordion-inner clearfix\">\n<ul>\n<li><a href=\"https:\/\/www.campo.fau.de:443\/qisserver\/pages\/startFlow.xhtml?_flowId=detailView-flow&unitId=92768&periodId=589&navigationPosition=studiesOffered,searchCourses\" target=\"rrze-campo\" class=\"rrze-lectures-linklist\">Grundlagen der Chemiedidaktik<\/a><\/li>\n<\/ul>\n<\/div>\n<\/div>\n<\/div>\n<div class=\"accordion-group\">\n<h2 class=\"accordion-heading\"><button class=\"accordion-toggle\" data-toggle=\"collapse\"  href=\"#collapse_1\" aria-expanded=\"false\" aria-controls=\"collapse_1\" id=\"collapse_button_1\"> Vorlesung mit \u00dcbung <\/button><\/h2>\n<div id=\"collapse_1\" class=\"accordion-body\" aria-labelledby=\"collapse_button_1\">\n<div class=\"accordion-inner clearfix\">\n<ul>\n<li><a href=\"https:\/\/www.campo.fau.de:443\/qisserver\/pages\/startFlow.xhtml?_flowId=detailView-flow&unitId=87207&periodId=589&navigationPosition=studiesOffered,searchCourses\" target=\"rrze-campo\" class=\"rrze-lectures-linklist\">Einf\u00fchrung in die Chemie OC [DIDCHEM AC\/OC]<\/a><\/li>\n<\/ul>\n<\/div>\n<\/div>\n<\/div>\n<div class=\"accordion-group\">\n<h2 class=\"accordion-heading\"><button class=\"accordion-toggle\" data-toggle=\"collapse\"  href=\"#collapse_2\" aria-expanded=\"false\" aria-controls=\"collapse_2\" id=\"collapse_button_2\"> Seminar <\/button><\/h2>\n<div id=\"collapse_2\" class=\"accordion-body\" aria-labelledby=\"collapse_button_2\">\n<div class=\"accordion-inner clearfix\">\n<ul>\n<li><a href=\"https:\/\/www.campo.fau.de:443\/qisserver\/pages\/startFlow.xhtml?_flowId=detailView-flow&unitId=89399&periodId=589&navigationPosition=studiesOffered,searchCourses\" target=\"rrze-campo\" class=\"rrze-lectures-linklist\">Ausgew\u00e4hlte Themen des Chemieunterrichts an Realschulen [DIDCHEM LARS]<\/a><\/li>\n<li><a href=\"https:\/\/www.campo.fau.de:443\/qisserver\/pages\/startFlow.xhtml?_flowId=detailView-flow&unitId=91906&periodId=589&navigationPosition=studiesOffered,searchCourses\" target=\"rrze-campo\" class=\"rrze-lectures-linklist\">Einf\u00fchrung in die chemiedidaktische Forschung<\/a><\/li>\n<li><a href=\"https:\/\/www.campo.fau.de:443\/qisserver\/pages\/startFlow.xhtml?_flowId=detailView-flow&unitId=104164&periodId=589&navigationPosition=studiesOffered,searchCourses\" target=\"rrze-campo\" class=\"rrze-lectures-linklist\">Grundlagen der Didaktik der Chemie Gymnasium [DIDCHEM LAG I]<\/a><\/li>\n<li><a href=\"https:\/\/www.campo.fau.de:443\/qisserver\/pages\/startFlow.xhtml?_flowId=detailView-flow&unitId=91044&periodId=589&navigationPosition=studiesOffered,searchCourses\" target=\"rrze-campo\" class=\"rrze-lectures-linklist\">Potenziale und Herausforderungen digitaler Medien im Chemieunterricht<\/a><\/li>\n<li><a href=\"https:\/\/www.campo.fau.de:443\/qisserver\/pages\/startFlow.xhtml?_flowId=detailView-flow&unitId=85167&periodId=589&navigationPosition=studiesOffered,searchCourses\" target=\"rrze-campo\" class=\"rrze-lectures-linklist\">Pr\u00fcfungsvorbereitung Fachdidaktik Chemie [DIDCHEM PRF]<\/a><\/li>\n<\/ul>\n<\/div>\n<\/div>\n<\/div>\n<div class=\"accordion-group\">\n<h2 class=\"accordion-heading\"><button class=\"accordion-toggle\" data-toggle=\"collapse\"  href=\"#collapse_3\" aria-expanded=\"false\" aria-controls=\"collapse_3\" id=\"collapse_button_3\"> Praktikum <\/button><\/h2>\n<div id=\"collapse_3\" class=\"accordion-body\" aria-labelledby=\"collapse_button_3\">\n<div class=\"accordion-inner clearfix\">\n<ul>\n<li><a href=\"https:\/\/www.campo.fau.de:443\/qisserver\/pages\/startFlow.xhtml?_flowId=detailView-flow&unitId=88860&periodId=589&navigationPosition=studiesOffered,searchCourses\" target=\"rrze-campo\" class=\"rrze-lectures-linklist\">Chemische Schulexperimente f\u00fcr LA Grund- und Mittelschule [DIDCHEM CSE]<\/a><\/li>\n<li><a href=\"https:\/\/www.campo.fau.de:443\/qisserver\/pages\/startFlow.xhtml?_flowId=detailView-flow&unitId=96722&periodId=589&navigationPosition=studiesOffered,searchCourses\" target=\"rrze-campo\" class=\"rrze-lectures-linklist\">Chemische Schulexperimente f\u00fcr LA Realschule [DIDCHEM CSE]<\/a><\/li>\n<\/ul>\n<\/div>\n<\/div>\n<\/div>\n<div class=\"accordion-group\">\n<h2 class=\"accordion-heading\"><button class=\"accordion-toggle\" data-toggle=\"collapse\"  href=\"#collapse_4\" aria-expanded=\"false\" aria-controls=\"collapse_4\" id=\"collapse_button_4\"> Praxisseminar <\/button><\/h2>\n<div id=\"collapse_4\" class=\"accordion-body\" aria-labelledby=\"collapse_button_4\">\n<div class=\"accordion-inner clearfix\">\n<ul>\n<li><a href=\"https:\/\/www.campo.fau.de:443\/qisserver\/pages\/startFlow.xhtml?_flowId=detailView-flow&unitId=99794&periodId=589&navigationPosition=studiesOffered,searchCourses\" target=\"rrze-campo\" class=\"rrze-lectures-linklist\">\u00dcbungen im Sch\u00fclerlabor EAM-Lab Erlangen (DIDCHEM LAG II)<\/a><\/li>\n<li><a href=\"https:\/\/www.campo.fau.de:443\/qisserver\/pages\/startFlow.xhtml?_flowId=detailView-flow&unitId=134521&periodId=589&navigationPosition=studiesOffered,searchCourses\" target=\"rrze-campo\" class=\"rrze-lectures-linklist\">\u00dcbungen im Sch\u00fclerlabor (Future Food)<\/a><\/li>\n<\/ul>\n<\/div>\n<\/div>\n<\/div>\n<div class=\"accordion-group\">\n<h2 class=\"accordion-heading\"><button class=\"accordion-toggle\" data-toggle=\"collapse\"  href=\"#collapse_5\" aria-expanded=\"false\" aria-controls=\"collapse_5\" id=\"collapse_button_5\"> \u00dcbung <\/button><\/h2>\n<div id=\"collapse_5\" class=\"accordion-body\" aria-labelledby=\"collapse_button_5\">\n<div class=\"accordion-inner clearfix\">\n<ul>\n<li><a href=\"https:\/\/www.campo.fau.de:443\/qisserver\/pages\/startFlow.xhtml?_flowId=detailView-flow&unitId=101788&periodId=589&navigationPosition=studiesOffered,searchCourses\" target=\"rrze-campo\" class=\"rrze-lectures-linklist\">Ausgew\u00e4hlte Themen der Chemie im Natur- und Technik-Unterricht der Mittelschule [DIDCHEM LAHS]<\/a><\/li>\n<li><a href=\"https:\/\/www.campo.fau.de:443\/qisserver\/pages\/startFlow.xhtml?_flowId=detailView-flow&unitId=87165&periodId=589&navigationPosition=studiesOffered,searchCourses\" target=\"rrze-campo\" class=\"rrze-lectures-linklist\">Ausgew\u00e4hlte Themen des Chemieunterrichts<\/a><\/li>\n<\/ul>\n<\/div>\n<\/div>\n<\/div><\/div>\n\n    \n    <\/div>\n\n\n<\/div>\n\n\n\n<p>&nbsp;<\/p>\n\n\n\n<h2 class=\"wp-block-heading\">Qualification theses<\/h2>\n\n\n\n<p>If you are interested in writing a final thesis in chemistry education, please feel free to contact us. We support you in conducting your own research project and offer exciting topics related to the chair\u2019s research areas and beyond.<\/p>\n\n\n\n<p>We also welcome your own topic suggestions.<\/p>\n\n\n<div class=\"wp-block-rrze-elements-notice \"><div class=\"notice notice-idea\"><div class=\"icon-box\"><svg class=\"icon icon-symbols-lightbulb\" aria-hidden=\"true\"><use href=\"#symbols-lightbulb\"><\/use><\/svg><\/div><div>\n\n<h3 class=\"wp-block-heading\">Final Theses \u2013 Ideas &amp; Topics<\/h3>\n\n\n\n<p>Here you will find final thesis topics that we would be happy to supervise. Perhaps your thesis topic is among them?<\/p>\n\n\n\n<ul class=\"wp-block-list\">\n<li>Development and evaluation of a learning environment on complex chemical equilibria in the context of marine ecosystems using CO2RAL.<\/li>\n\n\n\n<li>Retention of lesson contextualization and problematization \u2013 Are students aware of the context and the problem framing during different phases of instruction?<\/li>\n\n\n\n<li>How authentic do students perceive the science outreach laboratory? Development of a questionnaire based on the \u201cAuthenticity in Science Education\u201d model.<\/li>\n\n\n\n<li>Investigation of prospective science teachers\u2019 subject matter knowledge in general chemistry using the adapted Water Instrument.<\/li>\n\n\n\n<li>Investigation of epistemic vigilance among prospective teachers.<\/li>\n<\/ul>\n\n<\/div><\/div><\/div>\n\n<div class=\"wp-block-rrze-elements-notice \"><div class=\"notice notice-hinweis\"><div class=\"icon-box\"><svg class=\"icon icon-symbols-notifications\" aria-hidden=\"true\"><use href=\"#symbols-notifications\"><\/use><\/svg><\/div><div>\n\n<p>If you are studying for the grammar school teaching degree with the subject combination Chemistry\/Biology, you can also have the Bachelor of Science (B.Sc.) degree recognised if you have written your final thesis in chemistry education.<\/p>\n\n<\/div><\/div><\/div>\n\n<div class=\"wp-block-rrze-elements-collapsibles \"><div class=\"accordion\">\n<div class=\"wp-block-rrze-elements-collapse \"><div class=\"accordion-group \"><h2 class=\"accordion-heading\"><button class=\"accordion-toggle\" data-toggle=\"collapse\" data-name=\"completed-final-theses\" data-href=\"#completed-final-theses\" type=\"button\" aria-expanded=\"false\" aria-controls=\"completed-final-theses-section\" id=\"completed-final-theses\">Completed final theses<\/button><\/h2><div id=\"completed-final-theses-section\" class=\"accordion-body \" aria-labelledby=\"completed-final-theses\" role=\"region\" name=\"completed-final-theses\"><div class=\"accordion-inner clearfix\">\n\n<p>L. Possmann (2026): Empirische Untersuchung der Entwicklung einer kooperativen, gamifizierten Lernsituation im chemiedidaktischen Kontext<br>R. Greisel (2025): Inwiefern beeinflussen positiv beziehungsweise negativ konnotierte kontextualisierte Texte das situative Interesse von Sch\u00fclerinnen im Chemieunterricht?<br>M. R. Niegel (2025): Die Wirkung eines Sch\u00fclerlaborbesuchs auf das situative Interesse von Lernenden &#8211; am Beispiel des Workshops &#8220;Was essen wir morgen?&#8221; des Deutschen Museums N\u00fcrnberg<br>J. Wenzl (2025): Untersuchung des Einflusses eines chemiebezogenen Educational Escape Rooms auf das Sach- und Fachinteresse von Sch\u00fcler*innen<br>C. Uherek (2025): Bildung f\u00fcr nachhaltige Entwicklung im Fach Chemie \u2013 Einfluss eines Workshops im au\u00dferschulischen Lernort Museumauf die Klimawandeleinstellungen von Sch\u00fclerinnen und Sch\u00fclern <strong>(ausgezeichnetet mit dem Luise Prell-Preis 2025)<\/strong><br>L. Patscheider (2024): Validierung einer RIASEC+N-basierten Interessensstudie<br>A. Noll (2024): \u00dcbersetzung des RFNQ auf Deutsch mithilfe des TRAPD-Verfahrens zur Untersuchung der Vorstellungen von Lehramtsstudierenden der FAU zu Nature of Science<br>R. Iannelli (2024): Sch\u00fclervorstellungen der 6. Klasse bez\u00fcglich seltener Erden<br>S. Reiche (2024): Der Einfluss des Lernens mit Virtual Reality (VR) auf den Lernerfolg, das Interesse und die mentale Rotationsf\u00e4higkeit im Chemieunterricht<br>E. Aydin (2023): Entwicklung und Evaluation eines Konzepts zur Wissenschaftswoche im Leitfach Chemie am Gymnasium<br>M.-C. Dittrich (2022): Einfluss von Studium, Kompetenzgef\u00fchl und Interessen einer Lehrkraft auf den naturwissenschaftlichen Heimat- und Sachunterricht<br>F. Leuckert (2022): Videogest\u00fctzte Einf\u00fchrung und Anwendung der Variablenkontrollstrategie im Chemieunterricht&#8221;<br>N. Schuhmann (2022): Welches Unterst\u00fctzungspotential bietet ein 360\u00b0 &#8211; Chemielabor f\u00fcr die erste Laborpraxis? Eine retrospektive Einsch\u00e4tzung von Chemiestudierenden<br>J. Berninghausen (2022): Vergleich von eigenproduzierten und YouTube Experimentiervideos zu den Themengebieten: S\u00e4uren und Basen und Salze<br>P. Colras (2022): <a href=\"https:\/\/www.campo.fau.de\/qisserver\/pages\/cm\/exa\/examEventOverviewOwn\/showOverview.xhtml?_flowId=examEventOverviewOwn-flow&amp;_flowExecutionKey=e2s2#\"><\/a>Unterricht auf Distanz &#8211; Interaktive Lernvideos zum Thema Redoxreaktionen und Redoxanwendungen<br>N. Kuhn (2022): Welches Unterst\u00fctzungspotential bietet ein 360\u00b0 &#8211; Chemielabor f\u00fcr die erste Laborpraxis? Eine retrospektive Einsch\u00e4tzung von Chemiestudierenden<\/p>\n\n<\/div><\/div><\/div><\/div>\n<\/div><\/div>\n\n\n<h2 class=\"wp-block-heading\">Module handbooks<\/h2>\n\n\n<a href=\"\/files\/2026\/03\/MHB_Chemie_LA_GS-Didaktikfach_SoSe26.pdf\">MHB_Chemie_LA_GS Didaktikfach_SoSe26&nbsp;&nbsp;(19. March 2026, 561.68 KB)<\/a><br\/><a href=\"\/files\/2026\/03\/MHB_Chemie_LA_GS-Hauptfach_SoSe26.pdf\">MHB_Chemie_LA_GS Hauptfach_SoSe26&nbsp;&nbsp;(19. March 2026, 561.68 KB)<\/a><br\/><a href=\"\/files\/2026\/03\/MHB_Chemie_LA_Gym_SoSe26.pdf\">MHB_Chemie_LA_Gym_SoSe26&nbsp;&nbsp;(19. March 2026, 998.92 KB)<\/a><br\/><a href=\"\/files\/2026\/03\/MHB_Chemie_LA_MS-Didaktikfach_SoSe26.pdf\">MHB_Chemie_LA_MS Didaktikfach_SoSe26&nbsp;&nbsp;(19. March 2026, 181.73 KB)<\/a><br\/><a href=\"\/files\/2026\/03\/MHB_Chemie_LA_MS-Hauptfach_SoSe26.pdf\">MHB_Chemie_LA_MS Hauptfach_SoSe26&nbsp;&nbsp;(19. March 2026, 561.70 KB)<\/a><br\/><a href=\"\/files\/2026\/03\/MHB_Chemie_LA_RS_SoSe26.pdf\">MHB_Chemie_LA_RS_SoSe26&nbsp;&nbsp;(19. March 2026, 596.39 KB)<\/a><br\/>\n\n<div class=\"alert clearfix clear alert- \" title=\"\">\n\n<p><strong>Note:<\/strong> Since the winter semester 2022\/23, an updated version of the subject-specific study and examination regulations for the Chemistry teacher training programs has been in effect. If you are studying under an older examination regulation, please feel free to contact us if you have any questions about individual modules, courses, or examinations.<\/p>\n\n<\/div>\n\n\n<h2 class=\"wp-block-heading\"><span style=\"font-family: arial, helvetica, sans-serif\">Downloads<\/span> and Links<\/h2>\n\n\n\n<div class=\"wp-block-buttons is-layout-flex wp-block-buttons-is-layout-flex\">\n<div class=\"wp-block-button\"><a class=\"wp-block-button__link wp-element-button\" href=\"https:\/\/intern.chemiedidaktik.fau.de\/lehre\/FDPraktikum\/Vorgaben%20Praktikumsbericht.pdf\"><strong>Information on the internship report<\/strong><br><br><\/a><\/div>\n\n\n\n<div class=\"wp-block-button\"><a class=\"wp-block-button__link wp-element-button\" href=\"https:\/\/www.fau.de\/universitaet\/universitaetsorganisation\/rechtliche-grundlagen\/pruefungsordnungen\/lehramt\/#fachstudien-und-pruefungsordnungen-der-faecher-fpo\" target=\"_blank\" rel=\"noreferrer noopener\">Study and examination regulations<\/a><\/div>\n\n\n\n<div class=\"wp-block-button\"><a class=\"wp-block-button__link wp-element-button\" href=\"https:\/\/www.studon.fau.de\/cat174520.html\">Chemistry Education on StudOn<\/a><\/div>\n\n\n\n<div class=\"wp-block-button\"><a class=\"wp-block-button__link wp-element-button\" href=\"https:\/\/intern.chemiedidaktik.fau.de\/lehre\/Vorlage%20Begleitangaben%20und%20Verlaufsplan.pdf\" target=\"_blank\" rel=\"noreferrer noopener\">Template for accompanying information and lesson plan<\/a><\/div>\n<\/div>\n","protected":false},"excerpt":{"rendered":"<p>ChemDid I: Basics In the module \u201cChemDid I: Basics\u201d, students acquire an initial systematic understanding of chemistry teaching. They engage with the aims and content of school chemistry education, become familiar with key concepts of chemistry didactics, and explore typical student conceptions as well as learning difficulties. A particular focus is placed on the didactic [&hellip;]<\/p>\n","protected":false},"author":5410,"featured_media":1693,"parent":0,"menu_order":3,"comment_status":"closed","ping_status":"closed","template":"","meta":{"_rrze_cache":"enabled","_rrze_multilang_single_locale":"en_US","_rrze_multilang_single_source":"http:\/\/irgendwas.test.rrze.uni-erlangen.de\/chemie\/?page_id=39","footnotes":""},"page_category":[],"page_tag":[],"workflow_usergroup":[],"class_list":["post-2427","page","type-page","status-publish","has-post-thumbnail","hentry","en-US"],"_links":{"self":[{"href":"https:\/\/www.chemiedidaktik.phil.fau.de\/wp-json\/wp\/v2\/pages\/2427","targetHints":{"allow":["GET"]}}],"collection":[{"href":"https:\/\/www.chemiedidaktik.phil.fau.de\/wp-json\/wp\/v2\/pages"}],"about":[{"href":"https:\/\/www.chemiedidaktik.phil.fau.de\/wp-json\/wp\/v2\/types\/page"}],"author":[{"embeddable":true,"href":"https:\/\/www.chemiedidaktik.phil.fau.de\/wp-json\/wp\/v2\/users\/5410"}],"replies":[{"embeddable":true,"href":"https:\/\/www.chemiedidaktik.phil.fau.de\/wp-json\/wp\/v2\/comments?post=2427"}],"version-history":[{"count":4,"href":"https:\/\/www.chemiedidaktik.phil.fau.de\/wp-json\/wp\/v2\/pages\/2427\/revisions"}],"predecessor-version":[{"id":2956,"href":"https:\/\/www.chemiedidaktik.phil.fau.de\/wp-json\/wp\/v2\/pages\/2427\/revisions\/2956"}],"wp:featuredmedia":[{"embeddable":true,"href":"https:\/\/www.chemiedidaktik.phil.fau.de\/wp-json\/wp\/v2\/media\/1693"}],"wp:attachment":[{"href":"https:\/\/www.chemiedidaktik.phil.fau.de\/wp-json\/wp\/v2\/media?parent=2427"}],"wp:term":[{"taxonomy":"page_category","embeddable":true,"href":"https:\/\/www.chemiedidaktik.phil.fau.de\/wp-json\/wp\/v2\/page_category?post=2427"},{"taxonomy":"page_tag","embeddable":true,"href":"https:\/\/www.chemiedidaktik.phil.fau.de\/wp-json\/wp\/v2\/page_tag?post=2427"},{"taxonomy":"workflow_usergroup","embeddable":true,"href":"https:\/\/www.chemiedidaktik.phil.fau.de\/wp-json\/wp\/v2\/workflow_usergroup?post=2427"}],"curies":[{"name":"wp","href":"https:\/\/api.w.org\/{rel}","templated":true}]}}